{"id":3,"date":"2024-06-29T21:04:13","date_gmt":"2024-06-29T21:04:13","guid":{"rendered":"https:\/\/totallypainfree.com\/Choice_Hotels\/Monterrey\/?page_id=3"},"modified":"2024-07-23T07:04:51","modified_gmt":"2024-07-23T07:04:51","slug":"privacy-policy","status":"publish","type":"page","link":"https:\/\/civalle.com\/en\/privacy-policy\/","title":{"rendered":"Pol\u00edtica de privacidad"},"content":{"rendered":"<p>Con fundamento en los art\u00edculos 15 y 16 de la Ley Federal de Protecci\u00f3n de Datos Personales en Posesi\u00f3n de Particulares, Comfort Inn Valle, operado por VALLE INN SA DE CV, con domicilio en Av L\u00e1zaro C\u00e1rdenas 1009, Valle Oriente, 66266 Monterrey, N.L., es responsable de recabar sus datos personales, del uso que se le d\u00e9 a los mismos y de su protecci\u00f3n.<\/p>\n\n\n\n<p>\u00bfQu\u00e9 informaci\u00f3n recopilamos?<\/p>\n\n\n\n<p>Recopilamos datos personales cuando usted realiza una reservaci\u00f3n a trav\u00e9s de nuestro sitio web, se comunica con nosotros por correo electr\u00f3nico, tel\u00e9fono o en persona, y cuando utiliza nuestros servicios o participa en nuestras promociones. Los tipos de datos que podemos recabar incluyen:<\/p>\n\n\n\n<p>Informaci\u00f3n de contacto (nombre, direcci\u00f3n, n\u00famero telef\u00f3nico, correo electr\u00f3nico).<br>Informaci\u00f3n de pago (n\u00famero de tarjeta de cr\u00e9dito, datos bancarios).<br>Informaci\u00f3n demogr\u00e1fica (edad, g\u00e9nero, nacionalidad).<br>Preferencias personales (preferencias de habitaci\u00f3n, solicitudes especiales).<br>\u00bfC\u00f3mo utilizamos su informaci\u00f3n?<\/p>\n\n\n\n<p>Utilizamos su informaci\u00f3n personal para los siguientes fines:<\/p>\n\n\n\n<p>Procesar su reserva y garantizar su estad\u00eda en nuestro hotel.<br>Brindarle informaci\u00f3n relevante sobre su reserva y servicios.<br>Mejorar nuestros servicios y personalizar su experiencia.<br>Enviarle comunicaciones de marketing (si ha dado su consentimiento).<br>\u00bfC\u00f3mo protegemos su informaci\u00f3n?<\/p>\n\n\n\n<p>Implementamos medidas de seguridad f\u00edsicas, t\u00e9cnicas y administrativas para proteger su informaci\u00f3n personal contra accesos no autorizados, uso indebido o divulgaci\u00f3n.<\/p>\n\n\n\n<p>\u00bfCon qui\u00e9n compartimos su informaci\u00f3n?<\/p>\n\n\n\n<p>Podemos compartir su informaci\u00f3n personal con terceros proveedores de servicios que nos ayudan a operar nuestro sitio web, procesar reservas y mejorar nuestros servicios, asegur\u00e1ndonos de que estos terceros cumplan con las leyes de protecci\u00f3n de datos.<\/p>\n\n\n\n<p>Sus derechos<\/p>\n\n\n\n<p>Usted tiene derecho a acceder, rectificar y cancelar sus datos personales, as\u00ed como a oponerse al tratamiento de los mismos o revocar el consentimiento que nos haya otorgado para su tratamiento. Para ejercer estos derechos, favor de contactarnos a trav\u00e9s de los siguientes medios:<\/p>\n\n\n\n<p>Departamento de Protecci\u00f3n de Datos Personales<br>Av L\u00e1zaro C\u00e1rdenas 1009, Valle Oriente, 66266 Monterrey, N.L.<br>Tel\u00e9fono:\u00a0<a href=\"https:\/\/www.google.com\/search?gs_ssp=eJzj4tZP1zcsiS_JzrOIN2C0UjWosDBNMU9LNDA2SrRIM0ozTLMyqDAyNDY2Nki2SDI2SjUASnsJJ-fnpuUXlShk5uUplCTmFmQm5wMACe4WKw&amp;q=comfort+inn+tampico&amp;rlz=1C1CHBF_esMX915MX915&amp;oq=comfot+inn+tam&amp;gs_lcrp=EgZjaHJvbWUqGAgBEC4YDRivARjHARiABBiYBRiZBRieBTIGCAAQRRg5MhgIARAuGA0YrwEYxwEYgAQYmAUYmQUYngUyCQgCEAAYDRiABDIICAMQABgNGB4yCAgEEAAYFhgeMggIBRAAGBYYHjIICAYQABgWGB4yCAgHEAAYFhgeMggICBAAGBYYHtIBCDYxMzlqMGo3qAIAsAIA&amp;sourceid=chrome&amp;ie=UTF-8#\"><a href=\"https:\/\/www.google.com\/search?q=comfort+inn+valle&amp;rlz=1C1CHBF_esMX915MX915&amp;oq=comfort+Inn+Tampico&amp;gs_lcrp=EgZjaHJvbWUqDAgBECMYJxiABBiKBTIGCAAQRRg5MgwIARAjGCcYgAQYigUyEggCEC4YJxivARjHARiABBiKBTIQCAMQABiDARixAxjJAxiABDINCAQQABiDARixAxiABDIGCAUQRRg8MgYIBhBFGDwyBggHEEUYPNIBCDU5MjdqMGo3qAIAsAIA&amp;sourceid=chrome&amp;ie=UTF-8#\">81 8133 5133<\/a><\/a><br>Correo electr\u00f3nico: hotel@civalle.com<br>Cualquier modificaci\u00f3n a este Aviso de Privacidad ser\u00e1 publicada en nuestro sitio web junto con la fecha efectiva de dichos cambios.<\/p>","protected":false},"excerpt":{"rendered":"<p>Con fundamento en los art\u00edculos 15 y 16 de la Ley Federal de Protecci\u00f3n de Datos Personales en Posesi\u00f3n de Particulares, Comfort Inn Valle, operado por VALLE INN SA DE CV, con domicilio en Av L\u00e1zaro C\u00e1rdenas 1009, Valle Oriente, 66266 Monterrey, N.L., es responsable de recabar sus datos personales, del uso que se le [&hellip;]<\/p>\n","protected":false},"author":1,"featured_media":0,"parent":0,"menu_order":0,"comment_status":"closed","ping_status":"open","template":"","meta":{"footnotes":""},"class_list":["post-3","page","type-page","status-publish","hentry"],"aioseo_notices":[],"yoast_head":"<!-- This site is optimized with the Yoast SEO plugin v27.2 - https:\/\/yoast.com\/product\/yoast-seo-wordpress\/ -->\n<title>Pol\u00edtica de privacidad - Comfort Inn Monterrey<\/title>\n<meta name=\"robots\" content=\"index, follow, max-snippet:-1, max-image-preview:large, max-video-preview:-1\" \/>\n<link rel=\"canonical\" href=\"https:\/\/civalle.com\/en\/privacy-policy\/\" \/>\n<meta property=\"og:locale\" content=\"en_US\" \/>\n<meta property=\"og:type\" content=\"article\" \/>\n<meta property=\"og:title\" content=\"Pol\u00edtica de privacidad - Comfort Inn Monterrey\" \/>\n<meta property=\"og:description\" content=\"Con fundamento en los art\u00edculos 15 y 16 de la Ley Federal de Protecci\u00f3n de Datos Personales en Posesi\u00f3n de Particulares, Comfort Inn Valle, operado por VALLE INN SA DE CV, con domicilio en Av L\u00e1zaro C\u00e1rdenas 1009, Valle Oriente, 66266 Monterrey, N.L., es responsable de recabar sus datos personales, del uso que se le [&hellip;]\" \/>\n<meta property=\"og:url\" content=\"https:\/\/civalle.com\/en\/privacy-policy\/\" \/>\n<meta property=\"og:site_name\" content=\"Comfort Inn Monterrey\" \/>\n<meta property=\"article:modified_time\" content=\"2024-07-23T07:04:51+00:00\" \/>\n<meta name=\"twitter:card\" content=\"summary_large_image\" \/>\n<meta name=\"twitter:label1\" content=\"Est. reading time\" \/>\n\t<meta name=\"twitter:data1\" content=\"2 minutes\" \/>\n<script type=\"application\/ld+json\" class=\"yoast-schema-graph\">{\"@context\":\"https:\/\/schema.org\",\"@graph\":[{\"@type\":\"WebPage\",\"@id\":\"https:\/\/civalle.com\/en\/privacy-policy\/\",\"url\":\"https:\/\/civalle.com\/en\/privacy-policy\/\",\"name\":\"Pol\u00edtica de privacidad - Comfort Inn Monterrey\",\"isPartOf\":{\"@id\":\"https:\/\/civalle.com\/#website\"},\"datePublished\":\"2024-06-29T21:04:13+00:00\",\"dateModified\":\"2024-07-23T07:04:51+00:00\",\"breadcrumb\":{\"@id\":\"https:\/\/civalle.com\/en\/privacy-policy\/#breadcrumb\"},\"inLanguage\":\"en-US\",\"potentialAction\":[{\"@type\":\"ReadAction\",\"target\":[\"https:\/\/civalle.com\/en\/privacy-policy\/\"]}]},{\"@type\":\"BreadcrumbList\",\"@id\":\"https:\/\/civalle.com\/en\/privacy-policy\/#breadcrumb\",\"itemListElement\":[{\"@type\":\"ListItem\",\"position\":1,\"name\":\"Inicio\",\"item\":\"https:\/\/civalle.com\/\"},{\"@type\":\"ListItem\",\"position\":2,\"name\":\"Pol\u00edtica de privacidad\"}]},{\"@type\":\"WebSite\",\"@id\":\"https:\/\/civalle.com\/#website\",\"url\":\"https:\/\/civalle.com\/\",\"name\":\"Comfort Inn Monterrey\",\"description\":\"\",\"publisher\":{\"@id\":\"https:\/\/civalle.com\/#organization\"},\"potentialAction\":[{\"@type\":\"SearchAction\",\"target\":{\"@type\":\"EntryPoint\",\"urlTemplate\":\"https:\/\/civalle.com\/?s={search_term_string}\"},\"query-input\":{\"@type\":\"PropertyValueSpecification\",\"valueRequired\":true,\"valueName\":\"search_term_string\"}}],\"inLanguage\":\"en-US\"},{\"@type\":\"Organization\",\"@id\":\"https:\/\/civalle.com\/#organization\",\"name\":\"Comfort Inn Monterrey\",\"url\":\"https:\/\/civalle.com\/\",\"logo\":{\"@type\":\"ImageObject\",\"inLanguage\":\"en-US\",\"@id\":\"https:\/\/civalle.com\/#\/schema\/logo\/image\/\",\"url\":\"https:\/\/civalle.com\/wp-content\/uploads\/2024\/06\/84x95.png\",\"contentUrl\":\"https:\/\/civalle.com\/wp-content\/uploads\/2024\/06\/84x95.png\",\"width\":84,\"height\":95,\"caption\":\"Comfort Inn Monterrey\"},\"image\":{\"@id\":\"https:\/\/civalle.com\/#\/schema\/logo\/image\/\"}}]}<\/script>\n<!-- \/ Yoast SEO plugin. -->","yoast_head_json":{"title":"Pol\u00edtica de privacidad - Comfort Inn Monterrey","robots":{"index":"index","follow":"follow","max-snippet":"max-snippet:-1","max-image-preview":"max-image-preview:large","max-video-preview":"max-video-preview:-1"},"canonical":"https:\/\/civalle.com\/en\/privacy-policy\/","og_locale":"en_US","og_type":"article","og_title":"Pol\u00edtica de privacidad - Comfort Inn Monterrey","og_description":"Con fundamento en los art\u00edculos 15 y 16 de la Ley Federal de Protecci\u00f3n de Datos Personales en Posesi\u00f3n de Particulares, Comfort Inn Valle, operado por VALLE INN SA DE CV, con domicilio en Av L\u00e1zaro C\u00e1rdenas 1009, Valle Oriente, 66266 Monterrey, N.L., es responsable de recabar sus datos personales, del uso que se le [&hellip;]","og_url":"https:\/\/civalle.com\/en\/privacy-policy\/","og_site_name":"Comfort Inn Monterrey","article_modified_time":"2024-07-23T07:04:51+00:00","twitter_card":"summary_large_image","twitter_misc":{"Est. reading time":"2 minutes"},"schema":{"@context":"https:\/\/schema.org","@graph":[{"@type":"WebPage","@id":"https:\/\/civalle.com\/en\/privacy-policy\/","url":"https:\/\/civalle.com\/en\/privacy-policy\/","name":"Pol\u00edtica de privacidad - Comfort Inn Monterrey","isPartOf":{"@id":"https:\/\/civalle.com\/#website"},"datePublished":"2024-06-29T21:04:13+00:00","dateModified":"2024-07-23T07:04:51+00:00","breadcrumb":{"@id":"https:\/\/civalle.com\/en\/privacy-policy\/#breadcrumb"},"inLanguage":"en-US","potentialAction":[{"@type":"ReadAction","target":["https:\/\/civalle.com\/en\/privacy-policy\/"]}]},{"@type":"BreadcrumbList","@id":"https:\/\/civalle.com\/en\/privacy-policy\/#breadcrumb","itemListElement":[{"@type":"ListItem","position":1,"name":"Inicio","item":"https:\/\/civalle.com\/"},{"@type":"ListItem","position":2,"name":"Pol\u00edtica de privacidad"}]},{"@type":"WebSite","@id":"https:\/\/civalle.com\/#website","url":"https:\/\/civalle.com\/","name":"Comfort Inn Monterrey","description":"","publisher":{"@id":"https:\/\/civalle.com\/#organization"},"potentialAction":[{"@type":"SearchAction","target":{"@type":"EntryPoint","urlTemplate":"https:\/\/civalle.com\/?s={search_term_string}"},"query-input":{"@type":"PropertyValueSpecification","valueRequired":true,"valueName":"search_term_string"}}],"inLanguage":"en-US"},{"@type":"Organization","@id":"https:\/\/civalle.com\/#organization","name":"Comfort Inn Monterrey","url":"https:\/\/civalle.com\/","logo":{"@type":"ImageObject","inLanguage":"en-US","@id":"https:\/\/civalle.com\/#\/schema\/logo\/image\/","url":"https:\/\/civalle.com\/wp-content\/uploads\/2024\/06\/84x95.png","contentUrl":"https:\/\/civalle.com\/wp-content\/uploads\/2024\/06\/84x95.png","width":84,"height":95,"caption":"Comfort Inn Monterrey"},"image":{"@id":"https:\/\/civalle.com\/#\/schema\/logo\/image\/"}}]}},"_links":{"self":[{"href":"https:\/\/civalle.com\/en\/wp-json\/wp\/v2\/pages\/3","targetHints":{"allow":["GET"]}}],"collection":[{"href":"https:\/\/civalle.com\/en\/wp-json\/wp\/v2\/pages"}],"about":[{"href":"https:\/\/civalle.com\/en\/wp-json\/wp\/v2\/types\/page"}],"author":[{"embeddable":true,"href":"https:\/\/civalle.com\/en\/wp-json\/wp\/v2\/users\/1"}],"replies":[{"embeddable":true,"href":"https:\/\/civalle.com\/en\/wp-json\/wp\/v2\/comments?post=3"}],"version-history":[{"count":2,"href":"https:\/\/civalle.com\/en\/wp-json\/wp\/v2\/pages\/3\/revisions"}],"predecessor-version":[{"id":617,"href":"https:\/\/civalle.com\/en\/wp-json\/wp\/v2\/pages\/3\/revisions\/617"}],"wp:attachment":[{"href":"https:\/\/civalle.com\/en\/wp-json\/wp\/v2\/media?parent=3"}],"curies":[{"name":"wp","href":"https:\/\/api.w.org\/{rel}","templated":true}]}}